{"id":1244,"date":"2023-11-08T21:46:39","date_gmt":"2023-11-08T20:46:39","guid":{"rendered":"https:\/\/www.gasthaus-stuckatz.de\/?page_id=1244"},"modified":"2023-11-11T17:36:37","modified_gmt":"2023-11-11T16:36:37","slug":"solarenergie","status":"publish","type":"page","link":"https:\/\/www.gasthaus-stuckatz.de\/?page_id=1244","title":{"rendered":"Solarenergie"},"content":{"rendered":"<p>Seit Juni 2023 produzieren wir unseren Strom \u00fcber eine 94,80 kWp PV-Anlage, somit k\u00f6nnen wir den gr\u00f6\u00dften Anteil unseres t\u00e4glichen Strombedarfs selber decken.<\/p>\n<p>Einen aktuellen Blick auf die t\u00e4gliche Produktion finden Sie unter folgendem Button:<\/p>\n<a class=\"button\" href=\"https:\/\/algatec.enerest.world\/public\/pinboard\/649abb8ee3f02f3d0102ae42\" target=\"_blank\">Aktueller Stromverbrauch und Produktion vom Gasthaus<\/a>\n\n\n<figure class=\"wp-block-image size-large is-resized\"><a href=\"http:\/\/www.gasthaus-stuckatz.de\/wp-content\/uploads\/2023\/11\/image0.jpeg\"><img decoding=\"async\" loading=\"lazy\" src=\"http:\/\/www.gasthaus-stuckatz.de\/wp-content\/uploads\/2023\/11\/image0-1024x598.jpeg\" alt=\"\" class=\"wp-image-1644\" width=\"843\" height=\"492\" srcset=\"https:\/\/www.gasthaus-stuckatz.de\/wp-content\/uploads\/2023\/11\/image0-1024x598.jpeg 1024w, https:\/\/www.gasthaus-stuckatz.de\/wp-content\/uploads\/2023\/11\/image0-300x175.jpeg 300w, https:\/\/www.gasthaus-stuckatz.de\/wp-content\/uploads\/2023\/11\/image0-768x448.jpeg 768w, https:\/\/www.gasthaus-stuckatz.de\/wp-content\/uploads\/2023\/11\/image0-1536x897.jpeg 1536w, https:\/\/www.gasthaus-stuckatz.de\/wp-content\/uploads\/2023\/11\/image0.jpeg 1600w\" sizes=\"(max-width: 843px) 100vw, 843px\" \/><\/a><\/figure>\n\n\n\n<p><\/p>\n","protected":false},"excerpt":{"rendered":"<p>Seit Juni 2023 produzieren wir unseren Strom \u00fcber eine 94,80 kWp PV-Anlage, somit k\u00f6nnen wir den gr\u00f6\u00dften Anteil unseres t\u00e4glichen Strombedarfs selber decken. Einen aktuellen Blick auf die t\u00e4gliche Produktion finden Sie unter folgendem Button:<\/p>\n","protected":false},"author":2,"featured_media":0,"parent":0,"menu_order":0,"comment_status":"closed","ping_status":"closed","template":"","meta":[],"_links":{"self":[{"href":"https:\/\/www.gasthaus-stuckatz.de\/index.php?rest_route=\/wp\/v2\/pages\/1244"}],"collection":[{"href":"https:\/\/www.gasthaus-stuckatz.de\/index.php?rest_route=\/wp\/v2\/pages"}],"about":[{"href":"https:\/\/www.gasthaus-stuckatz.de\/index.php?rest_route=\/wp\/v2\/types\/page"}],"author":[{"embeddable":true,"href":"https:\/\/www.gasthaus-stuckatz.de\/index.php?rest_route=\/wp\/v2\/users\/2"}],"replies":[{"embeddable":true,"href":"https:\/\/www.gasthaus-stuckatz.de\/index.php?rest_route=%2Fwp%2Fv2%2Fcomments&post=1244"}],"version-history":[{"count":7,"href":"https:\/\/www.gasthaus-stuckatz.de\/index.php?rest_route=\/wp\/v2\/pages\/1244\/revisions"}],"predecessor-version":[{"id":1653,"href":"https:\/\/www.gasthaus-stuckatz.de\/index.php?rest_route=\/wp\/v2\/pages\/1244\/revisions\/1653"}],"wp:attachment":[{"href":"https:\/\/www.gasthaus-stuckatz.de\/index.php?rest_route=%2Fwp%2Fv2%2Fmedia&parent=1244"}],"curies":[{"name":"wp","href":"https:\/\/api.w.org\/{rel}","templated":true}]}}