{"id":1387,"date":"2022-05-04T18:26:16","date_gmt":"2022-05-04T16:26:16","guid":{"rendered":"https:\/\/www.gasthaus-stuckatz.de\/?page_id=1387"},"modified":"2024-06-19T17:02:56","modified_gmt":"2024-06-19T15:02:56","slug":"jobs","status":"publish","type":"page","link":"https:\/\/www.gasthaus-stuckatz.de\/?page_id=1387","title":{"rendered":"Jobs"},"content":{"rendered":"<p>Zur Erweiterung unseres Teams suchen wir eine<\/p>\n<h1 style=\"text-align: center;\"><strong>\u00a0<\/strong><\/h1>\n<p style=\"text-align: center;\">\n<h1 style=\"text-align: center;\"><strong>Auszubildener Koch (m\/w\/d)<\/strong><\/h1>\n<table class=\"jobDetailList\" data-role=\"table\">\n<tbody>\n<tr>\n<td class=\"label\"><\/td>\n<td>Unser Gasthaus ist ein \u00fcber 100 Jahre alter Familienbetrieb und bietet eine frische, saisonale sowie regionale K\u00fcche im \u00e0 la carte-Service an. Wir legen zudem besonderen Wert auf\u00a0 die ganzheitliche Verarbeitung von Lebensmitteln.<\/p>\n<p>Bei uns bist Du richtig, wenn Du Spa\u00df am Kochen hast und in einem engagierten Team aus jungen und erfahrenen K\u00f6chinnen\/K\u00f6chen eine spannende Ausbildung absolvieren m\u00f6chtest.<\/td>\n<\/tr>\n<\/tbody>\n<\/table>\n<p>Melden Sie sich bei Interesse gern telefonisch unter 035329\/364<\/p>\n<p>Wir freuen uns darauf Sie kennenzulernen.<\/p>\n<p>Familie Stuckatz<\/p>\n","protected":false},"excerpt":{"rendered":"<p>Zur Erweiterung unseres Teams suchen wir eine \u00a0 Auszubildener Koch (m\/w\/d) Unser Gasthaus ist ein \u00fcber 100 Jahre alter Familienbetrieb und bietet eine frische, saisonale sowie regionale K\u00fcche im \u00e0 la carte-Service an. Wir legen zudem besonderen Wert auf\u00a0 die ganzheitliche Verarbeitung von Lebensmitteln. Bei uns bist Du richtig, wenn Du Spa\u00df am Kochen hast [&hellip;]<\/p>\n","protected":false},"author":2,"featured_media":1392,"parent":0,"menu_order":0,"comment_status":"closed","ping_status":"closed","template":"","meta":[],"_links":{"self":[{"href":"https:\/\/www.gasthaus-stuckatz.de\/index.php?rest_route=\/wp\/v2\/pages\/1387"}],"collection":[{"href":"https:\/\/www.gasthaus-stuckatz.de\/index.php?rest_route=\/wp\/v2\/pages"}],"about":[{"href":"https:\/\/www.gasthaus-stuckatz.de\/index.php?rest_route=\/wp\/v2\/types\/page"}],"author":[{"embeddable":true,"href":"https:\/\/www.gasthaus-stuckatz.de\/index.php?rest_route=\/wp\/v2\/users\/2"}],"replies":[{"embeddable":true,"href":"https:\/\/www.gasthaus-stuckatz.de\/index.php?rest_route=%2Fwp%2Fv2%2Fcomments&post=1387"}],"version-history":[{"count":11,"href":"https:\/\/www.gasthaus-stuckatz.de\/index.php?rest_route=\/wp\/v2\/pages\/1387\/revisions"}],"predecessor-version":[{"id":1811,"href":"https:\/\/www.gasthaus-stuckatz.de\/index.php?rest_route=\/wp\/v2\/pages\/1387\/revisions\/1811"}],"wp:featuredmedia":[{"embeddable":true,"href":"https:\/\/www.gasthaus-stuckatz.de\/index.php?rest_route=\/wp\/v2\/media\/1392"}],"wp:attachment":[{"href":"https:\/\/www.gasthaus-stuckatz.de\/index.php?rest_route=%2Fwp%2Fv2%2Fmedia&parent=1387"}],"curies":[{"name":"wp","href":"https:\/\/api.w.org\/{rel}","templated":true}]}}