{"id":1405,"date":"2022-06-03T20:29:10","date_gmt":"2022-06-03T18:29:10","guid":{"rendered":"https:\/\/www.gasthaus-stuckatz.de\/?page_id=1405"},"modified":"2025-09-23T20:36:22","modified_gmt":"2025-09-23T18:36:22","slug":"nutzfahrzeugtreffen","status":"publish","type":"page","link":"https:\/\/www.gasthaus-stuckatz.de\/?page_id=1405","title":{"rendered":"Nutzfahrzeugtreffen"},"content":{"rendered":"\n<p><\/p>\n\n\n<a class=\"button\" href=\"https:\/\/ralfchristiankunkel.blogspot.com\/2024\/06\/7-dollenchener-nutzfahrzeugtreffen.html\" target=\"_blank\">Hier gibt es einen sch\u00f6nen Bericht von Ralf-Chritian Kunkel zu unserem Treffen 2024<\/a>\n<h3><span style=\"color: #ff0000;\"><strong>Das 9. Dollenchener Nutzfahrzeugtreffen findet am 20. Juni 2026 statt<\/strong><\/span><\/h3>\n<p>\u00a0<\/p>\n\n\n<figure class=\"wp-block-embed is-type-video is-provider-youtube wp-block-embed-youtube wp-embed-aspect-16-9 wp-has-aspect-ratio\"><div class=\"wp-block-embed__wrapper\">\n<iframe loading=\"lazy\" title=\"Ausfahrt 7. Dollenchener Nutzfahrzeugtreffen am Gasthaus Stuckatz\" width=\"500\" height=\"281\" src=\"https:\/\/www.youtube.com\/embed\/bGAZxPiL_JQ?feature=oembed\" frameborder=\"0\" allow=\"accelerometer; autoplay; clipboard-write; encrypted-media; gyroscope; picture-in-picture; web-share\" referrerpolicy=\"strict-origin-when-cross-origin\" allowfullscreen><\/iframe>\n<\/div><\/figure>\n\n\n\n<figure class=\"wp-block-embed is-type-video is-provider-youtube wp-block-embed-youtube wp-embed-aspect-16-9 wp-has-aspect-ratio\"><div class=\"wp-block-embed__wrapper\">\n<iframe loading=\"lazy\" title=\"7, Dollenchener Nutzfahrzeugtreffen am Gasthaus Stuckatz\" width=\"500\" height=\"281\" src=\"https:\/\/www.youtube.com\/embed\/LCRP__hNctQ?feature=oembed\" frameborder=\"0\" allow=\"accelerometer; autoplay; clipboard-write; encrypted-media; gyroscope; picture-in-picture; web-share\" referrerpolicy=\"strict-origin-when-cross-origin\" allowfullscreen><\/iframe>\n<\/div><\/figure>\n\n\n\n<p>Barkas, Garant und H6 lassen Herzen h\u00f6her schlagen &#8211; das Dollenchener Nutzfahrzeugtreffen geht in die achte Runde <\/p>\n\n\n\n<p><strong>21. Juni 202<\/strong>5\u2013 dieses Datum sollten sich Freunde von DDR-Oldtimern rot in den Kalender eintragen, denn dann gibt es wieder zahlreiche historische Fahrzeuge am Gasthaus Stuckatz in Dollenchen\/Niederlausitz zu bestaunen. Auch im diesem Jahr haben traditionell am dritten Juni-Wochenende allerhand Automobil\u00acliebhaber bei Initiator J\u00f6rg Stuckatz ihr Kommen angek\u00fcndigt, um ihre liebevoll restaurierten Oldtimer in Dollenchen auszustellen und mit interessierten Anwesenden ins Gespr\u00e4ch zu kommen. Auch die eigenen Fahrzeuge von Gastwirt J\u00f6rg Stuckatz werden wieder f\u00fcr die G\u00e4ste zu sehen sein. <\/p>\n\n\n\n<p>Der Oldtimerfan, der 2018 erstmals die Idee zu einem derartigen Treffen hatte, kann unter anderem einen detailgetreu aufbereiteten Garant-K30-Bus, eine Feuerwehr sowie einen Lkw desselben Fabrikats sein Eigen nennen. \u201eAls Highlight wird es f\u00fcr die Teilnehmer eine Ausfahrt aller ausgestellten Nutzfahrzeuge geben. <\/p>\n\n\n\n<p>In diesem Jahr startet der Konvoi ab 10 Uhr mit einer Rundfahrt um die St\u00e4hlerne Blume der Gemeinde Massen. <\/p>\n\n\n\n<p>Gegen 11Uhr stehen die Fahrzeuge dann wieder am Gasthaus Stuckatz den Besuchern zur Besichtigung zu Verf\u00fcgung\u201c, so J\u00f6rg Stuckatz. <\/p>\n\n\n\n<p>F\u00fcr die gastronomische Versorgung ist beim Nutzfahrzeugtreffen am 21. Juni gesorgt: das Gasthaus Stuckatz ist ganzt\u00e4gig ge\u00f6ffnet, Besucher k\u00f6nnen sich auf die gewohnten Klassiker freuen. \u201eWer mit seinem Oldtimer am diesj\u00e4hrigen Nutzfahrzeugtreffen teilnehmen m\u00f6chte, ist herzlich willkommen\u201c, so Veranstalter J\u00f6rg Stuckatz abschlie\u00dfend.<\/p>\n","protected":false},"excerpt":{"rendered":"<p>Das 9. Dollenchener Nutzfahrzeugtreffen findet am 20. Juni 2026 statt \u00a0 Barkas, Garant und H6 lassen Herzen h\u00f6her schlagen &#8211; das Dollenchener Nutzfahrzeugtreffen geht in die achte Runde 21. Juni 2025\u2013 dieses Datum sollten sich Freunde von DDR-Oldtimern rot in den Kalender eintragen, denn dann gibt es wieder zahlreiche historische Fahrzeuge am Gasthaus Stuckatz in [&hellip;]<\/p>\n","protected":false},"author":2,"featured_media":1408,"parent":0,"menu_order":0,"comment_status":"closed","ping_status":"closed","template":"","meta":[],"_links":{"self":[{"href":"https:\/\/www.gasthaus-stuckatz.de\/index.php?rest_route=\/wp\/v2\/pages\/1405"}],"collection":[{"href":"https:\/\/www.gasthaus-stuckatz.de\/index.php?rest_route=\/wp\/v2\/pages"}],"about":[{"href":"https:\/\/www.gasthaus-stuckatz.de\/index.php?rest_route=\/wp\/v2\/types\/page"}],"author":[{"embeddable":true,"href":"https:\/\/www.gasthaus-stuckatz.de\/index.php?rest_route=\/wp\/v2\/users\/2"}],"replies":[{"embeddable":true,"href":"https:\/\/www.gasthaus-stuckatz.de\/index.php?rest_route=%2Fwp%2Fv2%2Fcomments&post=1405"}],"version-history":[{"count":20,"href":"https:\/\/www.gasthaus-stuckatz.de\/index.php?rest_route=\/wp\/v2\/pages\/1405\/revisions"}],"predecessor-version":[{"id":2049,"href":"https:\/\/www.gasthaus-stuckatz.de\/index.php?rest_route=\/wp\/v2\/pages\/1405\/revisions\/2049"}],"wp:featuredmedia":[{"embeddable":true,"href":"https:\/\/www.gasthaus-stuckatz.de\/index.php?rest_route=\/wp\/v2\/media\/1408"}],"wp:attachment":[{"href":"https:\/\/www.gasthaus-stuckatz.de\/index.php?rest_route=%2Fwp%2Fv2%2Fmedia&parent=1405"}],"curies":[{"name":"wp","href":"https:\/\/api.w.org\/{rel}","templated":true}]}}