{"id":1847,"date":"2024-07-23T07:26:10","date_gmt":"2024-07-23T05:26:10","guid":{"rendered":"https:\/\/www.gasthaus-stuckatz.de\/?page_id=1847"},"modified":"2026-01-19T17:59:19","modified_gmt":"2026-01-19T16:59:19","slug":"kneipenquiz","status":"publish","type":"page","link":"https:\/\/www.gasthaus-stuckatz.de\/?page_id=1847","title":{"rendered":"Kneipenquiz 2026"},"content":{"rendered":"\n<p>Das Kneipenquiz ist <strong><mark style=\"background-color:rgba(0, 0, 0, 0)\" class=\"has-inline-color has-vivid-red-color\">AUSVERKAUFT<\/mark><\/strong>! &#8211; Vielen Dank an alle TEAMS<\/p>\n\n\n\n<p>Du willst auf die Warteliste? Schreib uns gern eine Mail an <a href=\"mailto:ticket@gasthaus-stuckatz.de\">ticket@gasthaus-stuckatz.de<\/a> <\/p>\n\n\n\n<p>Sollte ein Team stornieren, melden wir uns umgehend. <\/p>\n\n\n\n<p>PS. Im Oktober 2026 findet das n\u00e4chste Quiz statt :) <\/p>\n\n\n\n<p>Liebe G\u00e4ste und Quiz-Begeisterte,<\/p>\n\n\n\n<p>das <strong>Dollenchener Kneipenquiz <\/strong>geht im M\u00e4rz 2026 in die n\u00e4chste Runde.<\/p>\n\n\n\n<p>Unser Lieblings-Quizmaster Kevin hat sich den <strong>20. und 21. M\u00e4rz 2026 <\/strong>fest in seinen Kalender eingetragen und freut sich auf eine R\u00fcckkehr in die Lausitz. Das Quiz beginnt jeweils um 20:00 Uhr, st\u00e4rken k\u00f6nnt ihr euch bereits ab 18:00 Uhr. Wir haben wieder eine kleine \u201eKneipenquiz-Spezial-Speisekarte\u201c f\u00fcr euch vorbereitet.<\/p>\n\n\n\n<p>Ab sofort k\u00f6nnt ihr die Online-Tickets buchen. Bitte beachtet, dass ihr ein <strong>Teamticket<\/strong> bucht, also nur eins pro Team ausw\u00e4hlt. Die Tickets sind verf\u00fcgbar solange der Vorrat reicht.<\/p>\n\n\n\n<p><strong>Hier geht\u2019s zu den Tickets f\u00fcr Freitag, den 20.03.2026:<\/strong><\/p>\n\n\n\n<p><a href=\"https:\/\/tickets.gastroguide.de\/event\/13768\/date\/7277\">https:\/\/tickets.gastroguide.de\/event\/13768\/date\/7277<\/a><\/p>\n\n\n\n<p><strong>Hier geht\u2019s zu den Tickets f\u00fcr Samstag, den 21.03.2026:<\/strong><\/p>\n\n\n\n<p><a href=\"https:\/\/tickets.gastroguide.de\/event\/13769\/date\/7276\">https:\/\/tickets.gastroguide.de\/event\/13769\/date\/7276<\/a><\/p>\n\n\n\n<p>Wenn ihr ein Ticket gebucht habt, schreiben wir euch automatisch in ca. 4 Wochen per E-Mail an, um euren <strong>Teamnamen<\/strong> sowie eure <strong>Teamst\u00e4rke<\/strong> (4 bis 6 Personen) zu erfahren. Bis dahin habt ihr also noch ein wenig Zeit, kreativ zu werden.<\/p>\n\n\n\n<p>Wir freuen uns sehr auf euch und neue, spannende Quizabende.<\/p>\n\n\n\n<p>Euer Team vom Gasthaus Stuckatz<\/p>\n\n\n\n<div class=\"wp-block-columns is-layout-flex wp-container-2\">\n<div class=\"wp-block-column is-layout-flow\" style=\"flex-basis:100%\"><\/div>\n<\/div>\n\n\n\n\n\n\n\n\n\n<div class=\"wp-block-buttons is-layout-flex\">\n\n<\/div>\n","protected":false},"excerpt":{"rendered":"<p>Das Kneipenquiz ist AUSVERKAUFT! &#8211; Vielen Dank an alle TEAMS Du willst auf die Warteliste? Schreib uns gern eine Mail an ticket@gasthaus-stuckatz.de Sollte ein Team stornieren, melden wir uns umgehend. PS. Im Oktober 2026 findet das n\u00e4chste Quiz statt :) Liebe G\u00e4ste und Quiz-Begeisterte, das Dollenchener Kneipenquiz geht im M\u00e4rz 2026 in die n\u00e4chste Runde. [&hellip;]<\/p>\n","protected":false},"author":2,"featured_media":2092,"parent":0,"menu_order":0,"comment_status":"closed","ping_status":"closed","template":"","meta":[],"_links":{"self":[{"href":"https:\/\/www.gasthaus-stuckatz.de\/index.php?rest_route=\/wp\/v2\/pages\/1847"}],"collection":[{"href":"https:\/\/www.gasthaus-stuckatz.de\/index.php?rest_route=\/wp\/v2\/pages"}],"about":[{"href":"https:\/\/www.gasthaus-stuckatz.de\/index.php?rest_route=\/wp\/v2\/types\/page"}],"author":[{"embeddable":true,"href":"https:\/\/www.gasthaus-stuckatz.de\/index.php?rest_route=\/wp\/v2\/users\/2"}],"replies":[{"embeddable":true,"href":"https:\/\/www.gasthaus-stuckatz.de\/index.php?rest_route=%2Fwp%2Fv2%2Fcomments&post=1847"}],"version-history":[{"count":22,"href":"https:\/\/www.gasthaus-stuckatz.de\/index.php?rest_route=\/wp\/v2\/pages\/1847\/revisions"}],"predecessor-version":[{"id":2105,"href":"https:\/\/www.gasthaus-stuckatz.de\/index.php?rest_route=\/wp\/v2\/pages\/1847\/revisions\/2105"}],"wp:featuredmedia":[{"embeddable":true,"href":"https:\/\/www.gasthaus-stuckatz.de\/index.php?rest_route=\/wp\/v2\/media\/2092"}],"wp:attachment":[{"href":"https:\/\/www.gasthaus-stuckatz.de\/index.php?rest_route=%2Fwp%2Fv2%2Fmedia&parent=1847"}],"curies":[{"name":"wp","href":"https:\/\/api.w.org\/{rel}","templated":true}]}}