{"id":1871,"date":"2024-10-17T10:16:14","date_gmt":"2024-10-17T08:16:14","guid":{"rendered":"https:\/\/www.gasthaus-stuckatz.de\/?page_id=1871"},"modified":"2024-10-17T10:17:35","modified_gmt":"2024-10-17T08:17:35","slug":"gastro-kumpel-der-podcast","status":"publish","type":"page","link":"https:\/\/www.gasthaus-stuckatz.de\/?page_id=1871","title":{"rendered":"Gastro Kumpel &#8211; Der Podcast"},"content":{"rendered":"\n<p>Jens Irrgang und Raimund Stuckatz berichten in ihrem jungen, frischen Brandenburger Gastro-Podcast aus der spannenden Welt der Gastronomie.<\/p>\n\n\n\n<p>Die einzelnen Folgen werden in G\u00e4nge serviert. Sie blicken zur\u00fcck auf spannende Erlebnisse und schauen nach frischen Trends. <\/p>\n\n\n\n<p>Jens und Raimund haben klassisch Koch gelernt, arbeiteten viele Jahre bei Spitzenk\u00f6chen und tourten mit Rockstars durch Europa. <\/p>\n\n\n\n<p>Die beiden laden in ihrem unterhaltsamen Podcast verschiedene Freunde aus der Berlin\/Brandenburger Gastronomie ein, somit lernt der Zuh\u00f6rer auch den ein oder anderen Star hinter den &#8222;gro\u00dfe K\u00f6chen&#8220; kennen. <\/p>\n\n\n\n<figure class=\"wp-block-embed is-type-rich is-provider-spotify wp-block-embed-spotify wp-embed-aspect-21-9 wp-has-aspect-ratio\"><div class=\"wp-block-embed__wrapper\">\n<iframe title=\"Spotify Embed: Gastro Kumpel\" style=\"border-radius: 12px\" width=\"100%\" height=\"152\" frameborder=\"0\" allowfullscreen allow=\"autoplay; clipboard-write; encrypted-media; fullscreen; picture-in-picture\" loading=\"lazy\" src=\"https:\/\/open.spotify.com\/embed\/show\/7bjXSgl3zxF5QGqsKlpGkk?si=d32076bd667d4f56&#038;utm_source=oembed\"><\/iframe>\n<\/div><\/figure>\n","protected":false},"excerpt":{"rendered":"<p>Jens Irrgang und Raimund Stuckatz berichten in ihrem jungen, frischen Brandenburger Gastro-Podcast aus der spannenden Welt der Gastronomie. Die einzelnen Folgen werden in G\u00e4nge serviert. Sie blicken zur\u00fcck auf spannende Erlebnisse und schauen nach frischen Trends. Jens und Raimund haben klassisch Koch gelernt, arbeiteten viele Jahre bei Spitzenk\u00f6chen und tourten mit Rockstars durch Europa. Die [&hellip;]<\/p>\n","protected":false},"author":2,"featured_media":1876,"parent":0,"menu_order":0,"comment_status":"closed","ping_status":"closed","template":"","meta":[],"_links":{"self":[{"href":"https:\/\/www.gasthaus-stuckatz.de\/index.php?rest_route=\/wp\/v2\/pages\/1871"}],"collection":[{"href":"https:\/\/www.gasthaus-stuckatz.de\/index.php?rest_route=\/wp\/v2\/pages"}],"about":[{"href":"https:\/\/www.gasthaus-stuckatz.de\/index.php?rest_route=\/wp\/v2\/types\/page"}],"author":[{"embeddable":true,"href":"https:\/\/www.gasthaus-stuckatz.de\/index.php?rest_route=\/wp\/v2\/users\/2"}],"replies":[{"embeddable":true,"href":"https:\/\/www.gasthaus-stuckatz.de\/index.php?rest_route=%2Fwp%2Fv2%2Fcomments&post=1871"}],"version-history":[{"count":2,"href":"https:\/\/www.gasthaus-stuckatz.de\/index.php?rest_route=\/wp\/v2\/pages\/1871\/revisions"}],"predecessor-version":[{"id":1875,"href":"https:\/\/www.gasthaus-stuckatz.de\/index.php?rest_route=\/wp\/v2\/pages\/1871\/revisions\/1875"}],"wp:featuredmedia":[{"embeddable":true,"href":"https:\/\/www.gasthaus-stuckatz.de\/index.php?rest_route=\/wp\/v2\/media\/1876"}],"wp:attachment":[{"href":"https:\/\/www.gasthaus-stuckatz.de\/index.php?rest_route=%2Fwp%2Fv2%2Fmedia&parent=1871"}],"curies":[{"name":"wp","href":"https:\/\/api.w.org\/{rel}","templated":true}]}}