{"id":194,"date":"2014-11-09T14:31:18","date_gmt":"2014-11-09T13:31:18","guid":{"rendered":"http:\/\/www.gasthaus-stuckatz.de\/?page_id=194"},"modified":"2025-07-23T14:32:56","modified_gmt":"2025-07-23T12:32:56","slug":"gaestehaus","status":"publish","type":"page","link":"https:\/\/www.gasthaus-stuckatz.de\/?page_id=194","title":{"rendered":"G\u00e4stehaus Diana"},"content":{"rendered":"<h3><span style=\"color: #ff0000;\"> <strong><mark class=\"has-inline-color has-luminous-vivid-orange-color\"><br \/><\/mark><\/strong><\/span><\/h3>\n<p>Im G\u00e4stehaus Diana bieten wir in Einzel- und Doppelzimmern in ruhiger Lage mit modernem Komfort (DU \/ WC \/ TV \/ P \/ Wlan) bis zu 25 Personen \u00dcbernachtungsm\u00f6glichkeiten.<\/p>\n<p>Genie\u00dfen Sie nach einer erholsamen Nacht das \u201eLausitzer Fr\u00fchst\u00fccksb\u00fcffet\u201c und starten Sie dann erfolgreich in den Tag.<\/p>\n<p style=\"text-align: center;\"><a class=\"button big\" href=\"https:\/\/via.eviivo.com\/GasthausStuckatz03238\" target=\"_blank\">Zimmer buchen<\/a><\/p>\n<p>\u00a0<\/p>\n<p style=\"text-align: center;\">\u00a0<\/p>\n<p style=\"text-align: center;\">\u00a0<\/p>\n\n\n<div class=\"wp-block-group is-layout-flow\"><div class=\"wp-block-group__inner-container\"><\/div><\/div>\n\n\n<p><a href=\"http:\/\/www.gasthaus-stuckatz.de\/wp-content\/uploads\/2022\/01\/EFRE_Logo_rechts_oweb_4C.jpg\"><img decoding=\"async\" loading=\"lazy\" class=\"alignnone size-medium wp-image-1330\" src=\"http:\/\/www.gasthaus-stuckatz.de\/wp-content\/uploads\/2022\/01\/EFRE_Logo_rechts_oweb_4C-300x79.jpg\" alt=\"\" width=\"300\" height=\"79\" srcset=\"https:\/\/www.gasthaus-stuckatz.de\/wp-content\/uploads\/2022\/01\/EFRE_Logo_rechts_oweb_4C-300x79.jpg 300w, https:\/\/www.gasthaus-stuckatz.de\/wp-content\/uploads\/2022\/01\/EFRE_Logo_rechts_oweb_4C-768x202.jpg 768w, https:\/\/www.gasthaus-stuckatz.de\/wp-content\/uploads\/2022\/01\/EFRE_Logo_rechts_oweb_4C.jpg 782w\" sizes=\"(max-width: 300px) 100vw, 300px\" \/><\/a><\/p>\n<p><a href=\"http:\/\/www.gasthaus-stuckatz.de\/wp-content\/uploads\/2024\/06\/IMG_3245-scaled.jpg\"><img decoding=\"async\" loading=\"lazy\" class=\"alignnone  wp-image-1800\" src=\"http:\/\/www.gasthaus-stuckatz.de\/wp-content\/uploads\/2024\/06\/IMG_3245-300x161.jpg\" alt=\"\" width=\"270\" height=\"145\" srcset=\"https:\/\/www.gasthaus-stuckatz.de\/wp-content\/uploads\/2024\/06\/IMG_3245-300x161.jpg 300w, https:\/\/www.gasthaus-stuckatz.de\/wp-content\/uploads\/2024\/06\/IMG_3245-1024x550.jpg 1024w, https:\/\/www.gasthaus-stuckatz.de\/wp-content\/uploads\/2024\/06\/IMG_3245-768x412.jpg 768w, https:\/\/www.gasthaus-stuckatz.de\/wp-content\/uploads\/2024\/06\/IMG_3245-1536x825.jpg 1536w, https:\/\/www.gasthaus-stuckatz.de\/wp-content\/uploads\/2024\/06\/IMG_3245-2048x1099.jpg 2048w\" sizes=\"(max-width: 270px) 100vw, 270px\" \/><\/a><\/p>\n<p><a href=\"http:\/\/www.gasthaus-stuckatz.de\/wp-content\/uploads\/2024\/06\/Plakat-EFRE_JTF-21-27.pdf\">Plakat EFRE_JTF 21-27<\/a><\/p>\n<p>Durch die Unterst\u00fctzung der Europ\u00e4ischen Union konnten wir im Winter\/ Fr\u00fchjahr 2024 f\u00fcnf B\u00e4der im G\u00e4stehaus Diana erweitern<\/p>\n<p>Die Arbeiten erfolgten durch die Firma Schiemann &amp;Mende aus Birkwalde<\/p>\n<p><strong>&nbsp;Beschreibung und Ziele des Bauvorhabens Bauvorhaben<\/strong><\/p>\n<p>Produktive Investitionen von KMU. Ausbau der Kapazit\u00e4ten einer bestehenden Betriebsst\u00e4tte\/ B\u00e4der Zi. 5 bis 9<\/p>\n<p>Das Gasthaus Stuckatz ist ein Familienbetrieb seit dem Jahr 1912.<\/p>\n<p>Im September des vorgenannten Jahres wurde das Gasthaus von Selma und Hermann Stuckatz am Marktplatz von Dollenchen er\u00f6ffnet. Nach Kriegsende 1945 \u00fcbernahm Sohn Georg mit seiner Frau Hilde den Betrieb und gaben ihn im Fr\u00fchjahr 1982 an ihren Sohn J\u00f6rg weiter. J\u00f6rg Stuckatz betreibt den Familienbetrieb seit knapp 40 Jahren mit seiner Frau Heike. Seit 2016 arbeitet Sohn Raimund nach 15 Jahren Wanderschaft als Koch im Betrieb in Vollzeit mit. Das Gasthaus besch\u00e4ftigt sieben Mitarbeiter sowie einen Koch-Auszubildenden und zahlreiche Aushilfen.<\/p>\n<p>Die hohe Nachfrage durch touristisch Reisende Anfang der 2000er Jahre ermutigte J\u00f6rg Stuckatz dazu, nach dem Bau des G\u00e4stehauses Diana mit acht Doppelzimmern (im Jahr 1992) auch aus den Nebengeb\u00e4uden des Gasthauses kleine Einzelzimmer auszubauen. Alle Zimmer wurden mit Teppichb\u00f6den, Dusche und WC ausgestattet. Gruppenreisende oder individuelle Rad- und Motorrad-Touristen nutzen die Zimmer sehr gern.<\/p>\n<p>Aufgrund der wachsenden Anspr\u00fcche der G\u00e4ste ist es notwendig f\u00fcnf B\u00e4der im G\u00e4stehaus zu erweitern. Alle B\u00e4der wurden nach den aktuellen Standarts gebaut.<\/p>\n<p>Die Vermietung der Zimmer ist eine wichtige wirtschaftliche S\u00e4ule des Gasthauses. Gerade auch durch den steigenden Tourismus in der Lausitz ist es enorm wichtig dem Gast ordentliche, moderne Zimmer in einem Traditionshaus anzubieten.<\/p>\n<p>Einen sch\u00f6nen Ausflug ins Lausitzer Seenland, entspannt \u00fcbernachten, abends im Gasthaus frische regionale K\u00fcche genie\u00dfen und morgens vom Hahn geweckt werden &#8211; so k\u00f6nnen wir G\u00e4sten aus aller Welt einen sch\u00f6nen Urlaub in S\u00fcdbrandenburg garantieren.<\/p>","protected":false},"excerpt":{"rendered":"<p>Im G\u00e4stehaus Diana bieten wir in Einzel- und Doppelzimmern in ruhiger Lage mit modernem Komfort (DU \/ WC \/ TV \/ P \/ Wlan) bis zu 25 Personen \u00dcbernachtungsm\u00f6glichkeiten. Genie\u00dfen Sie nach einer erholsamen Nacht das \u201eLausitzer Fr\u00fchst\u00fccksb\u00fcffet\u201c und starten Sie dann erfolgreich in den Tag. \u00a0 \u00a0 \u00a0 Plakat EFRE_JTF 21-27 Durch die Unterst\u00fctzung [&hellip;]<\/p>\n","protected":false},"author":1,"featured_media":717,"parent":0,"menu_order":0,"comment_status":"closed","ping_status":"closed","template":"","meta":[],"_links":{"self":[{"href":"https:\/\/www.gasthaus-stuckatz.de\/index.php?rest_route=\/wp\/v2\/pages\/194"}],"collection":[{"href":"https:\/\/www.gasthaus-stuckatz.de\/index.php?rest_route=\/wp\/v2\/pages"}],"about":[{"href":"https:\/\/www.gasthaus-stuckatz.de\/index.php?rest_route=\/wp\/v2\/types\/page"}],"author":[{"embeddable":true,"href":"https:\/\/www.gasthaus-stuckatz.de\/index.php?rest_route=\/wp\/v2\/users\/1"}],"replies":[{"embeddable":true,"href":"https:\/\/www.gasthaus-stuckatz.de\/index.php?rest_route=%2Fwp%2Fv2%2Fcomments&post=194"}],"version-history":[{"count":41,"href":"https:\/\/www.gasthaus-stuckatz.de\/index.php?rest_route=\/wp\/v2\/pages\/194\/revisions"}],"predecessor-version":[{"id":2013,"href":"https:\/\/www.gasthaus-stuckatz.de\/index.php?rest_route=\/wp\/v2\/pages\/194\/revisions\/2013"}],"wp:featuredmedia":[{"embeddable":true,"href":"https:\/\/www.gasthaus-stuckatz.de\/index.php?rest_route=\/wp\/v2\/media\/717"}],"wp:attachment":[{"href":"https:\/\/www.gasthaus-stuckatz.de\/index.php?rest_route=%2Fwp%2Fv2%2Fmedia&parent=194"}],"curies":[{"name":"wp","href":"https:\/\/api.w.org\/{rel}","templated":true}]}}