{"id":207,"date":"2014-11-09T14:40:51","date_gmt":"2014-11-09T13:40:51","guid":{"rendered":"http:\/\/www.gasthaus-stuckatz.de\/?page_id=207"},"modified":"2024-01-16T21:17:30","modified_gmt":"2024-01-16T20:17:30","slug":"reisemobil","status":"publish","type":"page","link":"https:\/\/www.gasthaus-stuckatz.de\/?page_id=207","title":{"rendered":"Reisemobil"},"content":{"rendered":"\n<p class=\"has-vivid-red-color has-text-color has-large-font-size\"><\/p>\n\n\n<p>\u00a0<\/p>\n<p>\u00a0<\/p>\n<p><a href=\"http:\/\/www.gasthaus-stuckatz.de\/wp-content\/uploads\/2024\/01\/Autosticker_12x75_Camper.jpg\"><img decoding=\"async\" loading=\"lazy\" class=\"alignnone size-medium wp-image-1764\" src=\"http:\/\/www.gasthaus-stuckatz.de\/wp-content\/uploads\/2024\/01\/Autosticker_12x75_Camper-300x188.jpg\" alt=\"\" width=\"300\" height=\"188\" srcset=\"https:\/\/www.gasthaus-stuckatz.de\/wp-content\/uploads\/2024\/01\/Autosticker_12x75_Camper-300x188.jpg 300w, https:\/\/www.gasthaus-stuckatz.de\/wp-content\/uploads\/2024\/01\/Autosticker_12x75_Camper-1024x640.jpg 1024w, https:\/\/www.gasthaus-stuckatz.de\/wp-content\/uploads\/2024\/01\/Autosticker_12x75_Camper-768x480.jpg 768w, https:\/\/www.gasthaus-stuckatz.de\/wp-content\/uploads\/2024\/01\/Autosticker_12x75_Camper.jpg 1417w\" sizes=\"(max-width: 300px) 100vw, 300px\" \/><\/a><\/p>\n<div id=\"attachment_660\" style=\"width: 310px\" class=\"wp-caption alignnone\"><a href=\"http:\/\/www.gasthaus-stuckatz.de\/wp-content\/uploads\/2017\/03\/Barkas1-e1489007588681.jpg\"><img aria-describedby=\"caption-attachment-660\" decoding=\"async\" loading=\"lazy\" class=\"size-medium wp-image-660\" src=\"http:\/\/www.gasthaus-stuckatz.de\/wp-content\/uploads\/2017\/03\/Barkas1-300x225.jpg\" alt=\"Barkas B1000 mit J\u00f6rg Stuckatz\" width=\"300\" height=\"225\" \/><\/a><p id=\"caption-attachment-660\" class=\"wp-caption-text\">Barkas B1000 mit J\u00f6rg Stuckatz<\/p><\/div>\n<p>F\u00fcr Campingfreunde bieten wir Stellfl\u00e4chen f\u00fcr Wohn- und Reisemobile, inklusive Ver- und Entsorgungsstation. Ein Grillplatz und eine Liegewiese laden Sie zum Verweilen und Erholen ein.<\/p>\n<p>Motorrad- und Radfahrende sind ebenfalls herzlich willkommen. F\u00fcr die Bikes haben wir einen abgeschlossenen Hof. Eine E-Bike-Ladestation ist ebenfalls vorhanden.<\/p>\n<p>Hier geht es zum Erfahrungsbericht in der promobil &#8211; <a href=\"http:\/\/www.promobil.de\/stellplaetze\/weohnmobil-stellplatz-in-brandenburg-geheimtipp-6524186.html\">http:\/\/www.promobil.de\/stellplaetze\/weohnmobil-stellplatz-in-brandenburg-geheimtipp-6524186.html<\/a><\/p>\n\n\t\t<style type=\"text\/css\">\n\t\t\t#gallery-1 {\n\t\t\t\tmargin: auto;\n\t\t\t}\n\t\t\t#gallery-1 .gallery-item {\n\t\t\t\tfloat: left;\n\t\t\t\tmargin-top: 10px;\n\t\t\t\ttext-align: center;\n\t\t\t\twidth: 50%;\n\t\t\t}\n\t\t\t#gallery-1 img {\n\t\t\t\tborder: 2px solid #cfcfcf;\n\t\t\t}\n\t\t\t#gallery-1 .gallery-caption {\n\t\t\t\tmargin-left: 0;\n\t\t\t}\n\t\t\t\/* see gallery_shortcode() in wp-includes\/media.php *\/\n\t\t<\/style>\n\t\t<div id='gallery-1' class='gallery galleryid-207 gallery-columns-2 gallery-size-thumbnail'><dl class='gallery-item'>\n\t\t\t<dt class='gallery-icon landscape'>\n\t\t\t\t<a href='https:\/\/www.gasthaus-stuckatz.de\/wp-content\/uploads\/2015\/01\/DSCI0484-e1422604437356.jpg'><img width=\"150\" height=\"150\" src=\"https:\/\/www.gasthaus-stuckatz.de\/wp-content\/uploads\/2015\/01\/DSCI0484-150x150.jpg\" class=\"attachment-thumbnail size-thumbnail\" alt=\"\" decoding=\"async\" loading=\"lazy\" \/><\/a>\n\t\t\t<\/dt><\/dl><dl class='gallery-item'>\n\t\t\t<dt class='gallery-icon landscape'>\n\t\t\t\t<a href='https:\/\/www.gasthaus-stuckatz.de\/wp-content\/uploads\/2015\/01\/DSCI0485-e1422604265610.jpg'><img width=\"150\" height=\"150\" src=\"https:\/\/www.gasthaus-stuckatz.de\/wp-content\/uploads\/2015\/01\/DSCI0485-150x150.jpg\" class=\"attachment-thumbnail size-thumbnail\" alt=\"\" decoding=\"async\" loading=\"lazy\" \/><\/a>\n\t\t\t<\/dt><\/dl><br style=\"clear: both\" \/>\n\t\t<\/div>\n","protected":false},"excerpt":{"rendered":"<p>\u00a0 \u00a0 F\u00fcr Campingfreunde bieten wir Stellfl\u00e4chen f\u00fcr Wohn- und Reisemobile, inklusive Ver- und Entsorgungsstation. Ein Grillplatz und eine Liegewiese laden Sie zum Verweilen und Erholen ein. Motorrad- und Radfahrende sind ebenfalls herzlich willkommen. F\u00fcr die Bikes haben wir einen abgeschlossenen Hof. Eine E-Bike-Ladestation ist ebenfalls vorhanden. Hier geht es zum Erfahrungsbericht in der promobil [&hellip;]<\/p>\n","protected":false},"author":1,"featured_media":286,"parent":0,"menu_order":0,"comment_status":"closed","ping_status":"closed","template":"","meta":[],"_links":{"self":[{"href":"https:\/\/www.gasthaus-stuckatz.de\/index.php?rest_route=\/wp\/v2\/pages\/207"}],"collection":[{"href":"https:\/\/www.gasthaus-stuckatz.de\/index.php?rest_route=\/wp\/v2\/pages"}],"about":[{"href":"https:\/\/www.gasthaus-stuckatz.de\/index.php?rest_route=\/wp\/v2\/types\/page"}],"author":[{"embeddable":true,"href":"https:\/\/www.gasthaus-stuckatz.de\/index.php?rest_route=\/wp\/v2\/users\/1"}],"replies":[{"embeddable":true,"href":"https:\/\/www.gasthaus-stuckatz.de\/index.php?rest_route=%2Fwp%2Fv2%2Fcomments&post=207"}],"version-history":[{"count":24,"href":"https:\/\/www.gasthaus-stuckatz.de\/index.php?rest_route=\/wp\/v2\/pages\/207\/revisions"}],"predecessor-version":[{"id":1765,"href":"https:\/\/www.gasthaus-stuckatz.de\/index.php?rest_route=\/wp\/v2\/pages\/207\/revisions\/1765"}],"wp:featuredmedia":[{"embeddable":true,"href":"https:\/\/www.gasthaus-stuckatz.de\/index.php?rest_route=\/wp\/v2\/media\/286"}],"wp:attachment":[{"href":"https:\/\/www.gasthaus-stuckatz.de\/index.php?rest_route=%2Fwp%2Fv2%2Fmedia&parent=207"}],"curies":[{"name":"wp","href":"https:\/\/api.w.org\/{rel}","templated":true}]}}