{"id":23,"date":"2014-08-15T11:48:21","date_gmt":"2014-08-15T08:48:21","guid":{"rendered":"http:\/\/cerchez.com\/amici\/?page_id=23"},"modified":"2024-07-06T21:36:56","modified_gmt":"2024-07-06T19:36:56","slug":"tradition","status":"publish","type":"page","link":"https:\/\/www.gasthaus-stuckatz.de\/?page_id=23","title":{"rendered":"Willkommen"},"content":{"rendered":"\n<p class=\"has-vivid-red-color has-text-color has-large-font-size\"><\/p>\n\n\n<a class=\"button\" href=\"https:\/\/www.ardmediathek.de\/video\/brandenburg-erleben\/die-30-legendaersten-brandenburger-gasthaeuser\/rbb-fernsehen\/Y3JpZDovL3JiYl8zYmU1OWRhMC00NmVjLTRmYTctOGI2ZC1lNDRkNmRkZjI4MTdfcHVibGljYXRpb24\" target=\"_blank\">Der rbb hat uns besucht und wir durften ein Teil der legend\u00e4rsten Brandenburger Gasth\u00e4user sein. Klick auf den Button und gelange direkt zur Sendung<\/a>\n\n<p><iframe loading=\"lazy\" title=\"Die Elbe-Elster Heimath\u00e4ppchen\" width=\"500\" height=\"281\" src=\"https:\/\/www.youtube.com\/embed\/s93ds3-laF8?feature=oembed\" frameborder=\"0\" allow=\"accelerometer; autoplay; clipboard-write; encrypted-media; gyroscope; picture-in-picture; web-share\" referrerpolicy=\"strict-origin-when-cross-origin\" allowfullscreen><\/iframe><\/p>\n<p>Das urige Gasthaus befindet sich seit 1912 in unserem Familienbesitz. Mit seiner verkehrsg\u00fcnstigen, aber dennoch ruhigen Lage, bietet es Ihnen den idealen Ausgangspunkt f\u00fcr einen abwechslungsreichen Urlaub in der Lausitz.<\/p>\n<p>Oder Sie kehren auf der Durchreise bei uns ein und genie\u00dfen regionale sowie saisonale Spezialit\u00e4ten, wie Spargelgerichte im Fr\u00fchjahr und Entenbraten zur Kirmes- und Weihnachtszeit.<\/p>\n<p>Unsere K\u00fcche bietet auch ein vielf\u00e4ltiges Angebot an veganen und vegetarischen Gerichten.\u00a0<\/p>\n<p>Wir pflegen einen engen Kontakt zu lokalen Lieferanten, Bio-Gem\u00fcsebauern und kleinen Manufakturen.<\/p>\n<p>Bei Ihrem Besuch im Gasthaus Stuckatz sollten Sie nicht vers\u00e4umen den Wirt nach \u201eeinem Meter J\u00f6rgs Kr\u00e4uter mit Sauerstoff\u201c zu fragen.<\/p>\n<p>F\u00fcr unsere G\u00e4ste, die mit einem Elektro-Auto anreisen, steht eine 11 kW-Lades\u00e4ule am Gasthaus f\u00fcr Sie bereit.<\/p>\n<p>\u00a0<\/p>\n<ul class=\"accordion only-one-visible\"><li><h5 class=\"accordion-title\">Unsere \u00d6ffnungszeiten<\/h5><div class=\"accordion-content\">\n<p>Dienstag, Mittwoch: 10.00 bis 21.00 Uhr<br \/>Freitag und Samstag: 10.00 bis 21.00 Uhr<br \/>Sonntag: 10.00 bis 14.00 Uhr<br \/>Montag und Donnerstag: Ruhetag<\/p>\n<\/div><\/li><li><h5 class=\"accordion-title\">Kontakt<\/h5><div class=\"accordion-content\">Gasthaus Stuckatz mit G\u00e4stehaus Diana<br \/>Heike und J\u00f6rg Stuckatz<br \/>Hauptstra\u00dfe 29<br \/>03238 Dollenchen<br \/>Telefon &amp; Fax: 035329 364<br \/>E-Mail: kontakt@gasthaus-stuckatz.de<br \/>Web: www.gasthaus-stuckatz.de<\/div><\/li><\/ul>\n<a class=\"button\" href=\"http:\/\/www.gasthaus-stuckatz.de\/?page_id=747&#038;preview=true\">Speisekarte<\/a>\n\n\t\t<style type=\"text\/css\">\n\t\t\t#gallery-1 {\n\t\t\t\tmargin: auto;\n\t\t\t}\n\t\t\t#gallery-1 .gallery-item {\n\t\t\t\tfloat: left;\n\t\t\t\tmargin-top: 10px;\n\t\t\t\ttext-align: center;\n\t\t\t\twidth: 33%;\n\t\t\t}\n\t\t\t#gallery-1 img {\n\t\t\t\tborder: 2px solid #cfcfcf;\n\t\t\t}\n\t\t\t#gallery-1 .gallery-caption {\n\t\t\t\tmargin-left: 0;\n\t\t\t}\n\t\t\t\/* see gallery_shortcode() in wp-includes\/media.php *\/\n\t\t<\/style>\n\t\t<div id='gallery-1' class='gallery galleryid-23 gallery-columns-3 gallery-size-thumbnail'><dl class='gallery-item'>\n\t\t\t<dt class='gallery-icon landscape'>\n\t\t\t\t<a href='https:\/\/www.gasthaus-stuckatz.de\/wp-content\/uploads\/2014\/08\/100-Jahre-Gasthaus-Stuckatz-41-e1422605237975.jpg'><img width=\"150\" height=\"150\" src=\"https:\/\/www.gasthaus-stuckatz.de\/wp-content\/uploads\/2014\/08\/100-Jahre-Gasthaus-Stuckatz-41-150x150.jpg\" class=\"attachment-thumbnail size-thumbnail\" alt=\"\" decoding=\"async\" loading=\"lazy\" \/><\/a>\n\t\t\t<\/dt><\/dl><dl class='gallery-item'>\n\t\t\t<dt class='gallery-icon portrait'>\n\t\t\t\t<a href='https:\/\/www.gasthaus-stuckatz.de\/wp-content\/uploads\/2014\/08\/100-Jahre-Gasthaus-Stuckatz-90-e1422606470586.jpg'><img width=\"150\" height=\"150\" src=\"https:\/\/www.gasthaus-stuckatz.de\/wp-content\/uploads\/2014\/08\/100-Jahre-Gasthaus-Stuckatz-90-150x150.jpg\" class=\"attachment-thumbnail size-thumbnail\" alt=\"\" decoding=\"async\" loading=\"lazy\" \/><\/a>\n\t\t\t<\/dt><\/dl><dl class='gallery-item'>\n\t\t\t<dt class='gallery-icon portrait'>\n\t\t\t\t<a href='https:\/\/www.gasthaus-stuckatz.de\/wp-content\/uploads\/2014\/08\/100-Jahre-Gasthaus-Stuckatz-101-e1422606377778.jpg'><img width=\"150\" height=\"150\" src=\"https:\/\/www.gasthaus-stuckatz.de\/wp-content\/uploads\/2014\/08\/100-Jahre-Gasthaus-Stuckatz-101-150x150.jpg\" class=\"attachment-thumbnail size-thumbnail\" alt=\"\" decoding=\"async\" loading=\"lazy\" \/><\/a>\n\t\t\t<\/dt><\/dl><br style=\"clear: both\" \/><dl class='gallery-item'>\n\t\t\t<dt class='gallery-icon portrait'>\n\t\t\t\t<a href='https:\/\/www.gasthaus-stuckatz.de\/wp-content\/uploads\/2014\/08\/100-Jahre-Gasthaus-Stuckatz-137-e1422605194303.jpg'><img width=\"150\" height=\"150\" src=\"https:\/\/www.gasthaus-stuckatz.de\/wp-content\/uploads\/2014\/08\/100-Jahre-Gasthaus-Stuckatz-137-150x150.jpg\" class=\"attachment-thumbnail size-thumbnail\" alt=\"\" decoding=\"async\" loading=\"lazy\" \/><\/a>\n\t\t\t<\/dt><\/dl><dl class='gallery-item'>\n\t\t\t<dt class='gallery-icon landscape'>\n\t\t\t\t<a href='https:\/\/www.gasthaus-stuckatz.de\/wp-content\/uploads\/2014\/08\/100-Jahre-Gasthaus-Stuckatz-110-e1422605124692.jpg'><img width=\"150\" height=\"150\" src=\"https:\/\/www.gasthaus-stuckatz.de\/wp-content\/uploads\/2014\/08\/100-Jahre-Gasthaus-Stuckatz-110-150x150.jpg\" class=\"attachment-thumbnail size-thumbnail\" alt=\"\" decoding=\"async\" loading=\"lazy\" \/><\/a>\n\t\t\t<\/dt><\/dl><dl class='gallery-item'>\n\t\t\t<dt class='gallery-icon landscape'>\n\t\t\t\t<a href='https:\/\/www.gasthaus-stuckatz.de\/wp-content\/uploads\/2014\/08\/100-Jahre-Gasthaus-Stuckatz-205-e1422604983902.jpg'><img width=\"150\" height=\"150\" src=\"https:\/\/www.gasthaus-stuckatz.de\/wp-content\/uploads\/2014\/08\/100-Jahre-Gasthaus-Stuckatz-205-150x150.jpg\" class=\"attachment-thumbnail size-thumbnail\" alt=\"\" decoding=\"async\" loading=\"lazy\" \/><\/a>\n\t\t\t<\/dt><\/dl><br style=\"clear: both\" \/><dl class='gallery-item'>\n\t\t\t<dt class='gallery-icon landscape'>\n\t\t\t\t<a href='https:\/\/www.gasthaus-stuckatz.de\/wp-content\/uploads\/2014\/08\/100-Jahre-Gasthaus-Stuckatz-208-e1422604919175.jpg'><img width=\"150\" height=\"150\" src=\"https:\/\/www.gasthaus-stuckatz.de\/wp-content\/uploads\/2014\/08\/100-Jahre-Gasthaus-Stuckatz-208-150x150.jpg\" class=\"attachment-thumbnail size-thumbnail\" alt=\"\" decoding=\"async\" loading=\"lazy\" \/><\/a>\n\t\t\t<\/dt><\/dl><dl class='gallery-item'>\n\t\t\t<dt class='gallery-icon portrait'>\n\t\t\t\t<a href='https:\/\/www.gasthaus-stuckatz.de\/wp-content\/uploads\/2014\/08\/100-Jahre-Gasthaus-Stuckatz-283-e1422604849498.jpg'><img width=\"150\" height=\"150\" src=\"https:\/\/www.gasthaus-stuckatz.de\/wp-content\/uploads\/2014\/08\/100-Jahre-Gasthaus-Stuckatz-283-150x150.jpg\" class=\"attachment-thumbnail size-thumbnail\" alt=\"\" decoding=\"async\" loading=\"lazy\" \/><\/a>\n\t\t\t<\/dt><\/dl><dl class='gallery-item'>\n\t\t\t<dt class='gallery-icon portrait'>\n\t\t\t\t<a href='https:\/\/www.gasthaus-stuckatz.de\/wp-content\/uploads\/2014\/08\/100-Jahre-Gasthaus-Stuckatz-320-e1422604802594.jpg'><img width=\"150\" height=\"150\" src=\"https:\/\/www.gasthaus-stuckatz.de\/wp-content\/uploads\/2014\/08\/100-Jahre-Gasthaus-Stuckatz-320-150x150.jpg\" class=\"attachment-thumbnail size-thumbnail\" alt=\"\" decoding=\"async\" loading=\"lazy\" \/><\/a>\n\t\t\t<\/dt><\/dl><br style=\"clear: both\" \/><dl class='gallery-item'>\n\t\t\t<dt class='gallery-icon landscape'>\n\t\t\t\t<a href='https:\/\/www.gasthaus-stuckatz.de\/wp-content\/uploads\/2014\/08\/100-Jahre-Gasthaus-Stuckatz-181-e1422604657966.jpg'><img width=\"150\" height=\"150\" src=\"https:\/\/www.gasthaus-stuckatz.de\/wp-content\/uploads\/2014\/08\/100-Jahre-Gasthaus-Stuckatz-181-150x150.jpg\" class=\"attachment-thumbnail size-thumbnail\" alt=\"\" decoding=\"async\" loading=\"lazy\" \/><\/a>\n\t\t\t<\/dt><\/dl><dl class='gallery-item'>\n\t\t\t<dt class='gallery-icon landscape'>\n\t\t\t\t<a href='https:\/\/www.gasthaus-stuckatz.de\/wp-content\/uploads\/2017\/03\/Garnat-K30-e1489010987987.jpg'><img width=\"150\" height=\"150\" src=\"https:\/\/www.gasthaus-stuckatz.de\/wp-content\/uploads\/2017\/03\/Garnat-K30-150x150.jpg\" class=\"attachment-thumbnail size-thumbnail\" alt=\"\" decoding=\"async\" loading=\"lazy\" \/><\/a>\n\t\t\t<\/dt><\/dl><dl class='gallery-item'>\n\t\t\t<dt class='gallery-icon landscape'>\n\t\t\t\t<a href='https:\/\/www.gasthaus-stuckatz.de\/wp-content\/uploads\/2017\/09\/Foto_Gasthaus-Stuckatz-e1505416659839.jpg'><img width=\"150\" height=\"150\" src=\"https:\/\/www.gasthaus-stuckatz.de\/wp-content\/uploads\/2017\/09\/Foto_Gasthaus-Stuckatz-e1505416659839-150x150.jpg\" class=\"attachment-thumbnail size-thumbnail\" alt=\"\" decoding=\"async\" loading=\"lazy\" \/><\/a>\n\t\t\t<\/dt><\/dl><br style=\"clear: both\" \/>\n\t\t<\/div>\n\n\n","protected":false},"excerpt":{"rendered":"<p>Das urige Gasthaus befindet sich seit 1912 in unserem Familienbesitz. Mit seiner verkehrsg\u00fcnstigen, aber dennoch ruhigen Lage, bietet es Ihnen den idealen Ausgangspunkt f\u00fcr einen abwechslungsreichen Urlaub in der Lausitz. Oder Sie kehren auf der Durchreise bei uns ein und genie\u00dfen regionale sowie saisonale Spezialit\u00e4ten, wie Spargelgerichte im Fr\u00fchjahr und Entenbraten zur Kirmes- und Weihnachtszeit. [&hellip;]<\/p>\n","protected":false},"author":1,"featured_media":234,"parent":0,"menu_order":0,"comment_status":"open","ping_status":"open","template":"","meta":[],"_links":{"self":[{"href":"https:\/\/www.gasthaus-stuckatz.de\/index.php?rest_route=\/wp\/v2\/pages\/23"}],"collection":[{"href":"https:\/\/www.gasthaus-stuckatz.de\/index.php?rest_route=\/wp\/v2\/pages"}],"about":[{"href":"https:\/\/www.gasthaus-stuckatz.de\/index.php?rest_route=\/wp\/v2\/types\/page"}],"author":[{"embeddable":true,"href":"https:\/\/www.gasthaus-stuckatz.de\/index.php?rest_route=\/wp\/v2\/users\/1"}],"replies":[{"embeddable":true,"href":"https:\/\/www.gasthaus-stuckatz.de\/index.php?rest_route=%2Fwp%2Fv2%2Fcomments&post=23"}],"version-history":[{"count":50,"href":"https:\/\/www.gasthaus-stuckatz.de\/index.php?rest_route=\/wp\/v2\/pages\/23\/revisions"}],"predecessor-version":[{"id":1822,"href":"https:\/\/www.gasthaus-stuckatz.de\/index.php?rest_route=\/wp\/v2\/pages\/23\/revisions\/1822"}],"wp:featuredmedia":[{"embeddable":true,"href":"https:\/\/www.gasthaus-stuckatz.de\/index.php?rest_route=\/wp\/v2\/media\/234"}],"wp:attachment":[{"href":"https:\/\/www.gasthaus-stuckatz.de\/index.php?rest_route=%2Fwp%2Fv2%2Fmedia&parent=23"}],"curies":[{"name":"wp","href":"https:\/\/api.w.org\/{rel}","templated":true}]}}