{"id":254,"date":"2014-11-09T16:33:33","date_gmt":"2014-11-09T15:33:33","guid":{"rendered":"http:\/\/www.gasthaus-stuckatz.de\/?page_id=254"},"modified":"2023-12-24T14:12:11","modified_gmt":"2023-12-24T13:12:11","slug":"anfahrt","status":"publish","type":"page","link":"https:\/\/www.gasthaus-stuckatz.de\/?page_id=254","title":{"rendered":"Anfahrt"},"content":{"rendered":"\n<p><strong>Urlaub vom 27.12.2023 bis zum 09.01.2024<\/strong><\/p>\n\n\n\n<figure class=\"wp-block-image\"><a href=\"https:\/\/www.google.de\/maps\/dir\/\/Gasthaus+Stuckatz,+Hauptstra%C3%9Fe+29,+03238+Sallgast\/@51.606992,13.861886,17z\/data=!4m13!1m4!3m3!1s0x4708197478707a0f:0x3f4f8fcace9c9dcd!2sGasthaus+Stuckatz!3b1!4m7!1m0!1m5!1m1!1s0x4708197478707a0f:0x3f4f8fcace9c9dcd!2m2!1d13.861886!2d51.606992\" target=\"_blank\" rel=\"noopener\"><img decoding=\"async\" loading=\"lazy\" width=\"636\" height=\"197\" src=\"http:\/\/www.gasthaus-stuckatz.de\/wp-content\/uploads\/2014\/11\/anfahrt.jpg\" alt=\"\" class=\"wp-image-358\" title=\"Zum Routenplaner\" srcset=\"https:\/\/www.gasthaus-stuckatz.de\/wp-content\/uploads\/2014\/11\/anfahrt.jpg 636w, https:\/\/www.gasthaus-stuckatz.de\/wp-content\/uploads\/2014\/11\/anfahrt-300x92.jpg 300w\" sizes=\"(max-width: 636px) 100vw, 636px\" \/><\/a><\/figure>\n\n\n\n<p>Der kleine Ort Dollenchen liegt zwischen Berlin (120 km) und Dresden (70 km).<\/p>\n\n\n\n<p>Mit dem Auto: Autobahn 13, Abfahrt Gro\u00dfr\u00e4schen, ca. 6 Kilometer Bundesstra\u00dfe 96 Richtung Finsterwalde<\/p>\n\n\n\n<p>Mit der Bahn: Bahnhof Gro\u00dfr\u00e4schen (8 km) und Bahnhof Finsterwalde (10 km) \u2013 Radwege nach Dollenchen<\/p>\n\n\n\n<figure class=\"wp-block-image alignnone\"><a href=\"http:\/\/www.gasthaus-stuckatz.de\/wp-content\/uploads\/2017\/08\/IMG_0401.jpg\"><img decoding=\"async\" loading=\"lazy\" width=\"300\" height=\"172\" src=\"http:\/\/www.gasthaus-stuckatz.de\/wp-content\/uploads\/2017\/08\/IMG_0401-300x172.jpg\" alt=\"Garant K30 mit Anh\u00e4nger \" class=\"wp-image-685\" srcset=\"https:\/\/www.gasthaus-stuckatz.de\/wp-content\/uploads\/2017\/08\/IMG_0401-300x172.jpg 300w, https:\/\/www.gasthaus-stuckatz.de\/wp-content\/uploads\/2017\/08\/IMG_0401.jpg 800w\" sizes=\"(max-width: 300px) 100vw, 300px\" \/><\/a><figcaption class=\"wp-element-caption\">Garant K30 mit Anh\u00e4nger<\/figcaption><\/figure>\n\n\n\n<!-- weather widget start --><div id=\"m-booked-weather-bl250-10633\"> <div class=\"booked-wzs-250-175 weather-customize\" style=\"background-color:#137AE9;width:380px;\" id=\"width3\"> <div class=\"booked-wzs-250-175_in\"> <div class=\"booked-wzs-250-175-data\"> <div class=\"booked-wzs-250-175-left-img wrz-01\"> <\/div> <div class=\"booked-wzs-250-175-right\"> <div class=\"booked-wzs-day-deck\"> <div class=\"booked-wzs-day-val\"> <div class=\"booked-wzs-day-number\"><span class=\"plus\">+<\/span>29<\/div> <div class=\"booked-wzs-day-dergee\"> <div class=\"booked-wzs-day-dergee-val\">&deg;<\/div> <div class=\"booked-wzs-day-dergee-name\">C<\/div> <\/div> <\/div> <div class=\"booked-wzs-day\"> <div class=\"booked-wzs-day-d\">H: <span class=\"plus\">+<\/span>29&deg;<\/div> <div class=\"booked-wzs-day-n\">L: <span class=\"plus\">+<\/span>20&deg;<\/div> <\/div> <\/div> <div class=\"booked-wzs-250-175-info\"> <div class=\"booked-wzs-250-175-city\">Sallgast <\/div> <div class=\"booked-wzs-250-175-date\">Montag, 21 August<\/div> <div class=\"booked-wzs-left\"> <span class=\"booked-wzs-bottom-l\">7-Tage-Vorhersage nachsehen<\/span> <\/div> <\/div> <\/div> <\/div> <table cellpadding=\"0\" cellspacing=\"0\" class=\"booked-wzs-table-250\"> <tr> <td>Di<\/td> <td>Mi<\/td> <td>Do<\/td> <td>Fr<\/td> <td>Sa<\/td> <td>So<\/td> <\/tr> <tr> <td class=\"week-day-ico\"><div class=\"wrz-sml wrzs-03\"><\/div><\/td> <td class=\"week-day-ico\"><div class=\"wrz-sml wrzs-06\"><\/div><\/td> <td class=\"week-day-ico\"><div class=\"wrz-sml wrzs-03\"><\/div><\/td> <td class=\"week-day-ico\"><div class=\"wrz-sml wrzs-18\"><\/div><\/td> <td class=\"week-day-ico\"><div class=\"wrz-sml wrzs-18\"><\/div><\/td> <td class=\"week-day-ico\"><div class=\"wrz-sml wrzs-18\"><\/div><\/td> <\/tr> <tr> <td class=\"week-day-val\"><span class=\"plus\">+<\/span>30&deg;<\/td> <td class=\"week-day-val\"><span class=\"plus\">+<\/span>29&deg;<\/td> <td class=\"week-day-val\"><span class=\"plus\">+<\/span>28&deg;<\/td> <td class=\"week-day-val\"><span class=\"plus\">+<\/span>28&deg;<\/td> <td class=\"week-day-val\"><span class=\"plus\">+<\/span>19&deg;<\/td> <td class=\"week-day-val\"><span class=\"plus\">+<\/span>14&deg;<\/td> <\/tr> <tr> <td class=\"week-day-val\"><span class=\"plus\">+<\/span>18&deg;<\/td> <td class=\"week-day-val\"><span class=\"plus\">+<\/span>17&deg;<\/td> <td class=\"week-day-val\"><span class=\"plus\">+<\/span>18&deg;<\/td> <td class=\"week-day-val\"><span class=\"plus\">+<\/span>18&deg;<\/td> <td class=\"week-day-val\"><span class=\"plus\">+<\/span>14&deg;<\/td> <td class=\"week-day-val\"><span class=\"plus\">+<\/span>12&deg;<\/td> <\/tr> <\/table> <\/div> <\/div> <\/div><script type=\"text\/javascript\"> var css_file=document.createElement(\"link\"); var widgetUrl = location.href; css_file.setAttribute(\"rel\",\"stylesheet\"); css_file.setAttribute(\"type\",\"text\/css\"); css_file.setAttribute(\"href\",'https:\/\/s.bookcdn.com\/css\/w\/booked-wzs-widget-275.css?v=0.0.1'); document.getElementsByTagName(\"head\")[0].appendChild(css_file); function setWidgetData_10633(data) { if(typeof(data) != 'undefined' && data.results.length > 0) { for(var i = 0; i < data.results.length; ++i) { var objMainBlock = document.getElementById('m-booked-weather-bl250-10633'); if(objMainBlock !== null) { var copyBlock = document.getElementById('m-bookew-weather-copy-'+data.results[i].widget_type); objMainBlock.innerHTML = data.results[i].html_code; if(copyBlock !== null) objMainBlock.appendChild(copyBlock); } } } else { alert('data=undefined||data.results is empty'); } } var widgetSrc = \"https:\/\/widgets.booked.net\/weather\/info?action=get_weather_info;ver=7;cityID=380862;type=3;scode=60226;ltid=3458;domid=591;anc_id=64825;countday=undefined;cmetric=1;wlangID=2;color=137AE9;wwidth=380;header_color=ffffff;text_color=333333;link_color=08488D;border_form=1;footer_color=ffffff;footer_text_color=333333;transparent=0;v=0.0.1\";widgetSrc += ';ref=' + widgetUrl;widgetSrc += ';rand_id=10633';var weatherBookedScript = document.createElement(\"script\"); weatherBookedScript.setAttribute(\"type\", \"text\/javascript\"); weatherBookedScript.src = widgetSrc; document.body.appendChild(weatherBookedScript) <\/script><!-- weather widget end -->\n","protected":false},"excerpt":{"rendered":"<p>Urlaub vom 27.12.2023 bis zum 09.01.2024 Der kleine Ort Dollenchen liegt zwischen Berlin (120 km) und Dresden (70 km). Mit dem Auto: Autobahn 13, Abfahrt Gro\u00dfr\u00e4schen, ca. 6 Kilometer Bundesstra\u00dfe 96 Richtung Finsterwalde Mit der Bahn: Bahnhof Gro\u00dfr\u00e4schen (8 km) und Bahnhof Finsterwalde (10 km) \u2013 Radwege nach Dollenchen +29 &deg; C H: +29&deg; L: [&hellip;]<\/p>\n","protected":false},"author":1,"featured_media":718,"parent":0,"menu_order":0,"comment_status":"closed","ping_status":"closed","template":"","meta":[],"_links":{"self":[{"href":"https:\/\/www.gasthaus-stuckatz.de\/index.php?rest_route=\/wp\/v2\/pages\/254"}],"collection":[{"href":"https:\/\/www.gasthaus-stuckatz.de\/index.php?rest_route=\/wp\/v2\/pages"}],"about":[{"href":"https:\/\/www.gasthaus-stuckatz.de\/index.php?rest_route=\/wp\/v2\/types\/page"}],"author":[{"embeddable":true,"href":"https:\/\/www.gasthaus-stuckatz.de\/index.php?rest_route=\/wp\/v2\/users\/1"}],"replies":[{"embeddable":true,"href":"https:\/\/www.gasthaus-stuckatz.de\/index.php?rest_route=%2Fwp%2Fv2%2Fcomments&post=254"}],"version-history":[{"count":14,"href":"https:\/\/www.gasthaus-stuckatz.de\/index.php?rest_route=\/wp\/v2\/pages\/254\/revisions"}],"predecessor-version":[{"id":1670,"href":"https:\/\/www.gasthaus-stuckatz.de\/index.php?rest_route=\/wp\/v2\/pages\/254\/revisions\/1670"}],"wp:featuredmedia":[{"embeddable":true,"href":"https:\/\/www.gasthaus-stuckatz.de\/index.php?rest_route=\/wp\/v2\/media\/718"}],"wp:attachment":[{"href":"https:\/\/www.gasthaus-stuckatz.de\/index.php?rest_route=%2Fwp%2Fv2%2Fmedia&parent=254"}],"curies":[{"name":"wp","href":"https:\/\/api.w.org\/{rel}","templated":true}]}}