{"id":26,"date":"2014-08-15T11:49:03","date_gmt":"2014-08-15T09:49:03","guid":{"rendered":"http:\/\/cerchez.com\/amici\/?page_id=26"},"modified":"2026-04-20T19:47:26","modified_gmt":"2026-04-20T17:47:26","slug":"photo-gallery","status":"publish","type":"page","link":"https:\/\/www.gasthaus-stuckatz.de\/?page_id=26","title":{"rendered":"Gasthaus"},"content":{"rendered":"\n<p><mark style=\"background-color:rgba(0, 0, 0, 0)\" class=\"has-inline-color has-luminous-vivid-orange-color\"><\/mark><\/p>\n\n\n\n<link rel=\"stylesheet\" href=\"https:\/\/kunden.gastro.digital\/widgets\/styles.css\" \/>\n<script src=\"https:\/\/kunden.gastro.digital\/widgets\/elements.js\"><\/script>\n\n\n\n<h3 class=\"wp-block-heading\"><span style=\"color: #993300;\"> <\/span><\/h3>\n\n\n\n<reservation-button client=\"284176\"><\/reservation-button>\n\n\n\n<p><\/p>\n\n\n\n<h3 class=\"wp-block-heading\"><\/h3>\n\n\n\n<p>Ob in der gem\u00fctlichen Sofaecke, am Stammtisch oder am w\u00e4rmenden Kachelofen \u2013 in der urigen Gaststube erhalten Sie in geselliger Runde gutb\u00fcrgerliche Hausmannskost, saisonale Spezialit\u00e4ten und \u201eeinen Meter J\u00f6rgs Kr\u00e4uter\u201c.<\/p>\n\n\n\n<p>F\u00fcr Feiern und Veranstaltungen aller Art bietet unser Saal bis zu 150 Personen Platz.&nbsp;Unser Vereinszimmer eignet sich besonders gut f\u00fcr kleine Familienfeste oder Versammlungen bis zu 20 Personen.<\/p>\n\n\n\n<p>Auch ein Weinkeller und der Biergarten laden Sie zum Essen, Trinken, Unterhalten und Verweilen ein.<\/p>\n\n\n\n<figure class=\"wp-block-gallery has-nested-images columns-3 is-cropped wp-block-gallery-1 is-layout-flex\">\n<figure class=\"wp-block-image size-large\"><a href=\"https:\/\/www.gasthaus-stuckatz.de\/wp-content\/uploads\/2014\/08\/Gasthaus1.jpg\"><img decoding=\"async\" loading=\"lazy\" width=\"800\" height=\"480\" data-id=\"296\"  src=\"https:\/\/www.gasthaus-stuckatz.de\/wp-content\/uploads\/2014\/08\/Gasthaus1.jpg\" alt=\"\" class=\"wp-image-296\" srcset=\"https:\/\/www.gasthaus-stuckatz.de\/wp-content\/uploads\/2014\/08\/Gasthaus1.jpg 800w, https:\/\/www.gasthaus-stuckatz.de\/wp-content\/uploads\/2014\/08\/Gasthaus1-300x180.jpg 300w\" sizes=\"(max-width: 800px) 100vw, 800px\" \/><\/a><\/figure>\n\n\n\n<figure class=\"wp-block-image size-large\"><a href=\"https:\/\/www.gasthaus-stuckatz.de\/wp-content\/uploads\/2014\/08\/eingang.jpg\"><img decoding=\"async\" loading=\"lazy\" width=\"800\" height=\"600\" data-id=\"298\"  src=\"https:\/\/www.gasthaus-stuckatz.de\/wp-content\/uploads\/2014\/08\/eingang.jpg\" alt=\"\" class=\"wp-image-298\" srcset=\"https:\/\/www.gasthaus-stuckatz.de\/wp-content\/uploads\/2014\/08\/eingang.jpg 800w, https:\/\/www.gasthaus-stuckatz.de\/wp-content\/uploads\/2014\/08\/eingang-300x225.jpg 300w\" sizes=\"(max-width: 800px) 100vw, 800px\" \/><\/a><\/figure>\n\n\n\n<figure class=\"wp-block-image size-large\"><a href=\"https:\/\/www.gasthaus-stuckatz.de\/wp-content\/uploads\/2014\/08\/hof.jpg\"><img decoding=\"async\" loading=\"lazy\" width=\"800\" height=\"600\" data-id=\"299\"  src=\"https:\/\/www.gasthaus-stuckatz.de\/wp-content\/uploads\/2014\/08\/hof.jpg\" alt=\"\" class=\"wp-image-299\" srcset=\"https:\/\/www.gasthaus-stuckatz.de\/wp-content\/uploads\/2014\/08\/hof.jpg 800w, https:\/\/www.gasthaus-stuckatz.de\/wp-content\/uploads\/2014\/08\/hof-300x225.jpg 300w\" sizes=\"(max-width: 800px) 100vw, 800px\" \/><\/a><\/figure>\n\n\n\n<figure class=\"wp-block-image size-large\"><a href=\"https:\/\/www.gasthaus-stuckatz.de\/wp-content\/uploads\/2014\/08\/saal.jpg\"><img decoding=\"async\" loading=\"lazy\" width=\"800\" height=\"600\" data-id=\"300\"  src=\"https:\/\/www.gasthaus-stuckatz.de\/wp-content\/uploads\/2014\/08\/saal.jpg\" alt=\"\" class=\"wp-image-300\" srcset=\"https:\/\/www.gasthaus-stuckatz.de\/wp-content\/uploads\/2014\/08\/saal.jpg 800w, https:\/\/www.gasthaus-stuckatz.de\/wp-content\/uploads\/2014\/08\/saal-300x225.jpg 300w\" sizes=\"(max-width: 800px) 100vw, 800px\" \/><\/a><\/figure>\n\n\n\n<figure class=\"wp-block-image size-large\"><a href=\"https:\/\/www.gasthaus-stuckatz.de\/wp-content\/uploads\/2014\/08\/stammbaum.jpg\"><img decoding=\"async\" loading=\"lazy\" width=\"800\" height=\"530\" data-id=\"301\"  src=\"https:\/\/www.gasthaus-stuckatz.de\/wp-content\/uploads\/2014\/08\/stammbaum.jpg\" alt=\"\" class=\"wp-image-301\" srcset=\"https:\/\/www.gasthaus-stuckatz.de\/wp-content\/uploads\/2014\/08\/stammbaum.jpg 800w, https:\/\/www.gasthaus-stuckatz.de\/wp-content\/uploads\/2014\/08\/stammbaum-300x198.jpg 300w\" sizes=\"(max-width: 800px) 100vw, 800px\" \/><\/a><\/figure>\n\n\n\n<figure class=\"wp-block-image size-large\"><a href=\"https:\/\/www.gasthaus-stuckatz.de\/wp-content\/uploads\/2014\/08\/weinkeller.jpg\"><img decoding=\"async\" loading=\"lazy\" width=\"800\" height=\"600\" data-id=\"302\"  src=\"https:\/\/www.gasthaus-stuckatz.de\/wp-content\/uploads\/2014\/08\/weinkeller.jpg\" alt=\"\" class=\"wp-image-302\" srcset=\"https:\/\/www.gasthaus-stuckatz.de\/wp-content\/uploads\/2014\/08\/weinkeller.jpg 800w, https:\/\/www.gasthaus-stuckatz.de\/wp-content\/uploads\/2014\/08\/weinkeller-300x225.jpg 300w\" sizes=\"(max-width: 800px) 100vw, 800px\" \/><\/a><\/figure>\n\n\n\n<figure class=\"wp-block-image size-large\"><a href=\"https:\/\/www.gasthaus-stuckatz.de\/wp-content\/uploads\/2014\/08\/IMG_9771-e1422606127458.jpg\"><img decoding=\"async\" loading=\"lazy\" width=\"1024\" height=\"768\" data-id=\"410\"  src=\"https:\/\/www.gasthaus-stuckatz.de\/wp-content\/uploads\/2014\/08\/IMG_9771-1024x768.jpg\" alt=\"\" class=\"wp-image-410\"\/><\/a><\/figure>\n\n\n\n<figure class=\"wp-block-image size-large\"><a href=\"https:\/\/www.gasthaus-stuckatz.de\/wp-content\/uploads\/2014\/08\/IMG_9765-e1422606091520.jpg\"><img decoding=\"async\" loading=\"lazy\" width=\"1024\" height=\"768\" data-id=\"412\"  src=\"https:\/\/www.gasthaus-stuckatz.de\/wp-content\/uploads\/2014\/08\/IMG_9765-1024x768.jpg\" alt=\"\" class=\"wp-image-412\"\/><\/a><\/figure>\n\n\n\n<figure class=\"wp-block-image size-large\"><a href=\"https:\/\/www.gasthaus-stuckatz.de\/wp-content\/uploads\/2014\/08\/IMG_9763-e1422606049467.jpg\"><img decoding=\"async\" loading=\"lazy\" width=\"1024\" height=\"768\" data-id=\"413\"  src=\"https:\/\/www.gasthaus-stuckatz.de\/wp-content\/uploads\/2014\/08\/IMG_9763-1024x768.jpg\" alt=\"\" class=\"wp-image-413\"\/><\/a><\/figure>\n<\/figure>\n\n\n\n<figure class=\"wp-block-image size-large\"><a href=\"http:\/\/www.gasthaus-stuckatz.de\/wp-content\/uploads\/2026\/02\/JTF-21-27-Plakat-1.pdf\"><img decoding=\"async\" loading=\"lazy\" width=\"724\" height=\"1024\" src=\"http:\/\/www.gasthaus-stuckatz.de\/wp-content\/uploads\/2026\/02\/JTF-21-27-Plakat-1-pdf-724x1024.jpg\" alt=\"\" class=\"wp-image-2118\"\/><\/a><\/figure>\n\n\n<h3 data-start=\"89\" data-end=\"149\">&#8222;Gef\u00f6rdert aus Mitteln der Europ\u00e4ischen Union und des Landes Brandenburg&#8220;<\/h3>\n<p data-start=\"151\" data-end=\"508\">Dank der F\u00f6rderung durch die Europ\u00e4ische Union konnten wir ein zentrales Zukunftsprojekt f\u00fcr unser Gasthaus erfolgreich umsetzen. Im Rahmen des F\u00f6rderprogramms <strong data-start=\"311\" data-end=\"434\">\u201eProduktive Investitionen von KMU (De-minimis) \u2013 Ausbau der Kapazit\u00e4ten einer bestehenden Betriebsst\u00e4tte (Erweiterung)\u201c<\/strong> wurde die Erweiterung und Neugestaltung unserer Au\u00dfenterrasse erm\u00f6glicht.<\/p>\n<p data-start=\"510\" data-end=\"838\">Mit der neuen Terrasse steigern wir die Attraktivit\u00e4t unseres Hauses deutlich und schaffen zugleich mehr Flexibilit\u00e4t f\u00fcr unsere G\u00e4ste. Der Au\u00dfenbereich kann sowohl f\u00fcr Veranstaltungen als auch f\u00fcr den regul\u00e4ren \u00c0-la-carte-Betrieb genutzt werden und er\u00f6ffnet damit neue M\u00f6glichkeiten f\u00fcr Genuss, Begegnung und besondere Anl\u00e4sse.<\/p>\n<p data-start=\"840\" data-end=\"1084\">Die F\u00f6rderung leistet einen wichtigen Beitrag zur Weiterentwicklung unseres Betriebes und zur nachhaltigen St\u00e4rkung des regionalen Gastgewerbes. Wir freuen uns sehr, dieses Projekt mit Unterst\u00fctzung der Europ\u00e4ischen Union realisieren zu k\u00f6nnen.<\/p>","protected":false},"excerpt":{"rendered":"<p>Ob in der gem\u00fctlichen Sofaecke, am Stammtisch oder am w\u00e4rmenden Kachelofen \u2013 in der urigen Gaststube erhalten Sie in geselliger Runde gutb\u00fcrgerliche Hausmannskost, saisonale Spezialit\u00e4ten und \u201eeinen Meter J\u00f6rgs Kr\u00e4uter\u201c. F\u00fcr Feiern und Veranstaltungen aller Art bietet unser Saal bis zu 150 Personen Platz.&nbsp;Unser Vereinszimmer eignet sich besonders gut f\u00fcr kleine Familienfeste oder Versammlungen bis [&hellip;]<\/p>\n","protected":false},"author":1,"featured_media":285,"parent":0,"menu_order":0,"comment_status":"open","ping_status":"closed","template":"","meta":[],"_links":{"self":[{"href":"https:\/\/www.gasthaus-stuckatz.de\/index.php?rest_route=\/wp\/v2\/pages\/26"}],"collection":[{"href":"https:\/\/www.gasthaus-stuckatz.de\/index.php?rest_route=\/wp\/v2\/pages"}],"about":[{"href":"https:\/\/www.gasthaus-stuckatz.de\/index.php?rest_route=\/wp\/v2\/types\/page"}],"author":[{"embeddable":true,"href":"https:\/\/www.gasthaus-stuckatz.de\/index.php?rest_route=\/wp\/v2\/users\/1"}],"replies":[{"embeddable":true,"href":"https:\/\/www.gasthaus-stuckatz.de\/index.php?rest_route=%2Fwp%2Fv2%2Fcomments&post=26"}],"version-history":[{"count":24,"href":"https:\/\/www.gasthaus-stuckatz.de\/index.php?rest_route=\/wp\/v2\/pages\/26\/revisions"}],"predecessor-version":[{"id":2137,"href":"https:\/\/www.gasthaus-stuckatz.de\/index.php?rest_route=\/wp\/v2\/pages\/26\/revisions\/2137"}],"wp:featuredmedia":[{"embeddable":true,"href":"https:\/\/www.gasthaus-stuckatz.de\/index.php?rest_route=\/wp\/v2\/media\/285"}],"wp:attachment":[{"href":"https:\/\/www.gasthaus-stuckatz.de\/index.php?rest_route=%2Fwp%2Fv2%2Fmedia&parent=26"}],"curies":[{"name":"wp","href":"https:\/\/api.w.org\/{rel}","templated":true}]}}