{"id":747,"date":"2019-02-21T10:10:39","date_gmt":"2019-02-21T09:10:39","guid":{"rendered":"http:\/\/www.gasthaus-stuckatz.de\/?page_id=747"},"modified":"2026-04-14T12:32:49","modified_gmt":"2026-04-14T10:32:49","slug":"speisekarte-fruehjahr-2019","status":"publish","type":"page","link":"https:\/\/www.gasthaus-stuckatz.de\/?page_id=747","title":{"rendered":"Speisekarte"},"content":{"rendered":"\n<p><\/p>\n\n\n\n<p class=\"has-text-align-center has-vivid-red-color has-text-color has-large-font-size\">Speisekarte&nbsp;<\/p>\n\n\n<p style=\"text-align: center;\"><a class=\"button\" href=\"http:\/\/www.gasthaus-stuckatz.de\/wp-content\/uploads\/2026\/04\/Speisekarte-komplett-ab-neu-13.04.26-1.pdf\" target=\"_blank\">Speisekarte Fr\u00fchjahr 2026<\/a><\/p>\n<p style=\"text-align: center;\">\u00a0<\/p>\n\n\n<p class=\"has-text-align-center\"><\/p>\n\n\n<div class=\"wp-block-image\">\n<figure class=\"aligncenter size-large\"><a href=\"https:\/\/www.gasthaus-stuckatz.de\/wp-content\/uploads\/2026\/04\/Gf_2026_qr_druck.jpg\"><img decoding=\"async\" loading=\"lazy\" width=\"726\" height=\"1024\" src=\"https:\/\/www.gasthaus-stuckatz.de\/wp-content\/uploads\/2026\/04\/Gf_2026_qr_druck-726x1024.jpg\" alt=\"\" class=\"wp-image-2130\" srcset=\"https:\/\/www.gasthaus-stuckatz.de\/wp-content\/uploads\/2026\/04\/Gf_2026_qr_druck-726x1024.jpg 726w, https:\/\/www.gasthaus-stuckatz.de\/wp-content\/uploads\/2026\/04\/Gf_2026_qr_druck-213x300.jpg 213w, https:\/\/www.gasthaus-stuckatz.de\/wp-content\/uploads\/2026\/04\/Gf_2026_qr_druck-768x1083.jpg 768w, https:\/\/www.gasthaus-stuckatz.de\/wp-content\/uploads\/2026\/04\/Gf_2026_qr_druck-1090x1536.jpg 1090w, https:\/\/www.gasthaus-stuckatz.de\/wp-content\/uploads\/2026\/04\/Gf_2026_qr_druck.jpg 1240w\" sizes=\"(max-width: 726px) 100vw, 726px\" \/><\/a><\/figure><\/div>\n\n\n<link rel=\"stylesheet\" href=\"https:\/\/kunden.gastro.digital\/widgets\/styles.css\" \/>\n<script src=\"https:\/\/kunden.gastro.digital\/widgets\/elements.js\"><\/script>\n\n\n\n<reservation-widget client=\"284176\"><\/reservation-widget>\n\n\n<p><\/p>\n<a class=\"button big\" href=\"https:\/\/www.ardmediathek.de\/video\/brandenburg-erleben\/die-30-legendaersten-brandenburger-gasthaeuser\/rbb-fernsehen\/Y3JpZDovL3JiYl8zYmU1OWRhMC00NmVjLTRmYTctOGI2ZC1lNDRkNmRkZjI4MTdfcHVibGljYXRpb24\" target=\"_blank\">Brandenburgs legend\u00e4rste Gasth\u00e4user im rbb Fernsehen <\/a>\n\n\n<p class=\"has-text-align-center\">&nbsp;<\/p>\n\n\n\n<p class=\"has-text-align-center\">Die Speisekarte ist als PDF hinterlegt. Es kann passieren, dass Android Ger\u00e4te das \u00d6ffnen der PDF nicht erlauben. Bitte schauen Sie hierzu in die Einstellung Ihres Ger\u00e4ts oder \u00f6ffnen Sie die Speisekarte per Windows, Mac oder Iphone.<\/p>\n\n\n\n<p class=\"has-text-align-center\">(Die OnlineSpeisekarte kann ggf. von der aktuellen Karte im Gasthaus abweichen.)<\/p>\n\n\n\n<pre class=\"wp-block-preformatted\"><a href=\"http:\/\/www.gasthaus-stuckatz.de\/wp-content\/uploads\/2021\/04\/logo_farbig.jpg\"><img decoding=\"async\" loading=\"lazy\" class=\"size-medium wp-image-1180 aligncenter\" src=\"http:\/\/www.gasthaus-stuckatz.de\/wp-content\/uploads\/2021\/04\/logo_farbig-300x189.jpg\" alt=\"\" width=\"300\" height=\"189\" srcset=\"https:\/\/www.gasthaus-stuckatz.de\/wp-content\/uploads\/2021\/04\/logo_farbig-300x189.jpg 300w, https:\/\/www.gasthaus-stuckatz.de\/wp-content\/uploads\/2021\/04\/logo_farbig-1024x646.jpg 1024w, https:\/\/www.gasthaus-stuckatz.de\/wp-content\/uploads\/2021\/04\/logo_farbig-768x484.jpg 768w, https:\/\/www.gasthaus-stuckatz.de\/wp-content\/uploads\/2021\/04\/logo_farbig.jpg 1031w\" sizes=\"(max-width: 300px) 100vw, 300px\" \/><\/a><\/pre>\n\n\n\n<p>Titelfoto\/Hintergrund: Landkreis Elbe-Elster,<strong> Andreas Franke<\/strong><\/p>\n\n\n\n<div class=\"wp-block-buttons is-layout-flex\"><\/div>\n\n\n","protected":false},"excerpt":{"rendered":"<p>Speisekarte&nbsp; \u00a0 &nbsp; Die Speisekarte ist als PDF hinterlegt. Es kann passieren, dass Android Ger\u00e4te das \u00d6ffnen der PDF nicht erlauben. Bitte schauen Sie hierzu in die Einstellung Ihres Ger\u00e4ts oder \u00f6ffnen Sie die Speisekarte per Windows, Mac oder Iphone. (Die OnlineSpeisekarte kann ggf. von der aktuellen Karte im Gasthaus abweichen.) Titelfoto\/Hintergrund: Landkreis Elbe-Elster, Andreas [&hellip;]<\/p>\n","protected":false},"author":2,"featured_media":1271,"parent":0,"menu_order":0,"comment_status":"closed","ping_status":"closed","template":"","meta":[],"_links":{"self":[{"href":"https:\/\/www.gasthaus-stuckatz.de\/index.php?rest_route=\/wp\/v2\/pages\/747"}],"collection":[{"href":"https:\/\/www.gasthaus-stuckatz.de\/index.php?rest_route=\/wp\/v2\/pages"}],"about":[{"href":"https:\/\/www.gasthaus-stuckatz.de\/index.php?rest_route=\/wp\/v2\/types\/page"}],"author":[{"embeddable":true,"href":"https:\/\/www.gasthaus-stuckatz.de\/index.php?rest_route=\/wp\/v2\/users\/2"}],"replies":[{"embeddable":true,"href":"https:\/\/www.gasthaus-stuckatz.de\/index.php?rest_route=%2Fwp%2Fv2%2Fcomments&post=747"}],"version-history":[{"count":305,"href":"https:\/\/www.gasthaus-stuckatz.de\/index.php?rest_route=\/wp\/v2\/pages\/747\/revisions"}],"predecessor-version":[{"id":2133,"href":"https:\/\/www.gasthaus-stuckatz.de\/index.php?rest_route=\/wp\/v2\/pages\/747\/revisions\/2133"}],"wp:featuredmedia":[{"embeddable":true,"href":"https:\/\/www.gasthaus-stuckatz.de\/index.php?rest_route=\/wp\/v2\/media\/1271"}],"wp:attachment":[{"href":"https:\/\/www.gasthaus-stuckatz.de\/index.php?rest_route=%2Fwp%2Fv2%2Fmedia&parent=747"}],"curies":[{"name":"wp","href":"https:\/\/api.w.org\/{rel}","templated":true}]}}